{"id":33,"date":"2022-08-23T07:16:08","date_gmt":"2022-08-23T07:16:08","guid":{"rendered":"https:\/\/cricket.europematch.eu\/fra\/product\/cricket-mini-fluo\/"},"modified":"2022-08-23T14:29:26","modified_gmt":"2022-08-23T14:29:26","slug":"cricket-mini-fluo","status":"publish","type":"product","link":"https:\/\/cricket.europematch.eu\/fra\/product\/cricket-mini-fluo\/","title":{"rendered":"Cricket Mini Fluo"},"content":{"rendered":"","protected":false},"excerpt":{"rendered":"<table width=\"658\">\n<tbody>\n<tr>\n<td width=\"329\">Format:<\/td>\n<td width=\"329\">22 x 58 x 10 mm<\/td>\n<\/tr>\n<tr>\n<td>Conditionnement:<\/td>\n<td>50 unit\u00e9s par Tray<\/td>\n<\/tr>\n<tr>\n<td>Contenu du carton:<\/td>\n<td>500 pcs.<\/td>\n<\/tr>\n<tr>\n<td>Dimension du carton:<\/td>\n<td>340 x 276 x 124 mm<\/td>\n<\/tr>\n<tr>\n<td>Poids du carton:<\/td>\n<td>5,6 kg<\/td>\n<\/tr>\n<tr>\n<td>Surface de marquage:<\/td>\n<td>Dessus et dessous: 13 x 40 mm<\/td>\n<\/tr>\n<tr>\n<td>C\u00f4t\u00e9s \u00e9troits<\/td>\n<td>C\u00f4t\u00e9s \u00e9troits: 6 x 37 mm<\/td>\n<\/tr>\n<\/tbody>\n<\/table>\n<table width=\"458\">\n<tbody>\n<tr>\n<td width=\"166\">Coloris:<\/td>\n<td width=\"292\">Fluo Pink, Fluo Red, Fluo Yellow, Fluo Green, Fluo Blue<\/td>\n<\/tr>\n<\/tbody>\n<\/table>\n","protected":false},"featured_media":32,"template":"","meta":[],"product_cat":[15],"product_tag":[],"_links":{"self":[{"href":"https:\/\/cricket.europematch.eu\/fra\/wp-json\/wp\/v2\/product\/33"}],"collection":[{"href":"https:\/\/cricket.europematch.eu\/fra\/wp-json\/wp\/v2\/product"}],"about":[{"href":"https:\/\/cricket.europematch.eu\/fra\/wp-json\/wp\/v2\/types\/product"}],"wp:featuredmedia":[{"embeddable":true,"href":"https:\/\/cricket.europematch.eu\/fra\/wp-json\/wp\/v2\/media\/32"}],"wp:attachment":[{"href":"https:\/\/cricket.europematch.eu\/fra\/wp-json\/wp\/v2\/media?parent=33"}],"wp:term":[{"taxonomy":"product_cat","embeddable":true,"href":"https:\/\/cricket.europematch.eu\/fra\/wp-json\/wp\/v2\/product_cat?post=33"},{"taxonomy":"product_tag","embeddable":true,"href":"https:\/\/cricket.europematch.eu\/fra\/wp-json\/wp\/v2\/product_tag?post=33"}],"curies":[{"name":"wp","href":"https:\/\/api.w.org\/{rel}","templated":true}]}}