{"id":20,"date":"2022-08-23T07:16:07","date_gmt":"2022-08-23T07:16:07","guid":{"rendered":"https:\/\/cricket.europematch.eu\/fra\/product\/cricket-electronic\/"},"modified":"2022-08-23T14:32:51","modified_gmt":"2022-08-23T14:32:51","slug":"cricket-electronic","status":"publish","type":"product","link":"https:\/\/cricket.europematch.eu\/fra\/product\/cricket-electronic\/","title":{"rendered":"Cricket Electronic"},"content":{"rendered":"","protected":false},"excerpt":{"rendered":"<table width=\"658\">\n<tbody>\n<tr>\n<td width=\"329\">Format:<\/td>\n<td width=\"329\">22 x 80 x 10 mm<\/td>\n<\/tr>\n<tr>\n<td>Conditionnement:<\/td>\n<td>50 unit\u00e9s par Tray<\/td>\n<\/tr>\n<tr>\n<td>Contenu du carton:<\/td>\n<td>500 pcs.<\/td>\n<\/tr>\n<tr>\n<td>Dimension du carton:<\/td>\n<td>459 x 94 x 342 mm<\/td>\n<\/tr>\n<tr>\n<td>Poids du carton:<\/td>\n<td>8,5 kg<\/td>\n<\/tr>\n<tr>\n<td>Surface de marquage:<\/td>\n<td>Dessus et dessous: 14 x 57 mm<\/td>\n<\/tr>\n<tr>\n<td>C\u00f4t\u00e9s \u00e9troits<\/td>\n<td>C\u00f4t\u00e9s \u00e9troits: 6 x 55 mm<\/td>\n<\/tr>\n<\/tbody>\n<\/table>\n<table width=\"458\">\n<tbody>\n<tr>\n<td width=\"166\">Coloris:<\/td>\n<td width=\"292\">White, Red PMS 485, Yellow PMS 123, Green PMS 3415, Blue PMS 281, Black<\/td>\n<\/tr>\n<\/tbody>\n<\/table>\n","protected":false},"featured_media":19,"template":"","meta":[],"product_cat":[15],"product_tag":[],"_links":{"self":[{"href":"https:\/\/cricket.europematch.eu\/fra\/wp-json\/wp\/v2\/product\/20"}],"collection":[{"href":"https:\/\/cricket.europematch.eu\/fra\/wp-json\/wp\/v2\/product"}],"about":[{"href":"https:\/\/cricket.europematch.eu\/fra\/wp-json\/wp\/v2\/types\/product"}],"wp:featuredmedia":[{"embeddable":true,"href":"https:\/\/cricket.europematch.eu\/fra\/wp-json\/wp\/v2\/media\/19"}],"wp:attachment":[{"href":"https:\/\/cricket.europematch.eu\/fra\/wp-json\/wp\/v2\/media?parent=20"}],"wp:term":[{"taxonomy":"product_cat","embeddable":true,"href":"https:\/\/cricket.europematch.eu\/fra\/wp-json\/wp\/v2\/product_cat?post=20"},{"taxonomy":"product_tag","embeddable":true,"href":"https:\/\/cricket.europematch.eu\/fra\/wp-json\/wp\/v2\/product_tag?post=20"}],"curies":[{"name":"wp","href":"https:\/\/api.w.org\/{rel}","templated":true}]}}