{"id":16,"date":"2022-08-23T07:16:07","date_gmt":"2022-08-23T07:16:07","guid":{"rendered":"https:\/\/cricket.europematch.eu\/fra\/product\/cricket-mini\/"},"modified":"2022-08-23T14:31:28","modified_gmt":"2022-08-23T14:31:28","slug":"cricket-mini","status":"publish","type":"product","link":"https:\/\/cricket.europematch.eu\/fra\/product\/cricket-mini\/","title":{"rendered":"Cricket Mini"},"content":{"rendered":"","protected":false},"excerpt":{"rendered":"<table width=\"658\">\n<tbody>\n<tr>\n<td width=\"329\">Format:<\/td>\n<td width=\"329\">22 x 58 x 10 mm<\/td>\n<\/tr>\n<tr>\n<td>Conditionnement:<\/td>\n<td>50 unit\u00e9s par Tray<\/td>\n<\/tr>\n<tr>\n<td>Contenu du carton:<\/td>\n<td>500 pcs.<\/td>\n<\/tr>\n<tr>\n<td>Dimension du carton:<\/td>\n<td>340 x 276 x 124 mm<\/td>\n<\/tr>\n<tr>\n<td>Poids du carton:<\/td>\n<td>5,6 kg<\/td>\n<\/tr>\n<tr>\n<td>Surface de marquage:<\/td>\n<td>Dessus et dessous: 13 x 40 mm<\/td>\n<\/tr>\n<tr>\n<td>C\u00f4t\u00e9s \u00e9troits<\/td>\n<td>C\u00f4t\u00e9s \u00e9troits: 6 x 37 mm<\/td>\n<\/tr>\n<\/tbody>\n<\/table>\n<table width=\"458\">\n<tbody>\n<tr>\n<td width=\"166\">Coloris:<\/td>\n<td width=\"292\">White, Red PMS 485, Orange PMS 158, Yellow PMS 108, Green PMS 390, Blue PMS 300, Blue PMS 281, Purple PMS 2607, Black<\/td>\n<\/tr>\n<\/tbody>\n<\/table>\n","protected":false},"featured_media":15,"template":"","meta":[],"product_cat":[15],"product_tag":[],"_links":{"self":[{"href":"https:\/\/cricket.europematch.eu\/fra\/wp-json\/wp\/v2\/product\/16"}],"collection":[{"href":"https:\/\/cricket.europematch.eu\/fra\/wp-json\/wp\/v2\/product"}],"about":[{"href":"https:\/\/cricket.europematch.eu\/fra\/wp-json\/wp\/v2\/types\/product"}],"wp:featuredmedia":[{"embeddable":true,"href":"https:\/\/cricket.europematch.eu\/fra\/wp-json\/wp\/v2\/media\/15"}],"wp:attachment":[{"href":"https:\/\/cricket.europematch.eu\/fra\/wp-json\/wp\/v2\/media?parent=16"}],"wp:term":[{"taxonomy":"product_cat","embeddable":true,"href":"https:\/\/cricket.europematch.eu\/fra\/wp-json\/wp\/v2\/product_cat?post=16"},{"taxonomy":"product_tag","embeddable":true,"href":"https:\/\/cricket.europematch.eu\/fra\/wp-json\/wp\/v2\/product_tag?post=16"}],"curies":[{"name":"wp","href":"https:\/\/api.w.org\/{rel}","templated":true}]}}