{"id":38,"date":"2022-08-23T07:17:16","date_gmt":"2022-08-23T07:17:16","guid":{"rendered":"https:\/\/cricket.europematch.eu\/fra\/?page_id=38"},"modified":"2022-08-23T13:12:07","modified_gmt":"2022-08-23T13:12:07","slug":"page-daccueil","status":"publish","type":"page","link":"https:\/\/cricket.europematch.eu\/fra\/","title":{"rendered":"Page d&#8217;accueil"},"content":{"rendered":"\n<div class=\"wp-block-cover alignfull\"><span aria-hidden=\"true\" class=\"wp-block-cover__background has-background-dim\"><\/span><img decoding=\"async\" loading=\"lazy\" width=\"1900\" height=\"1267\" class=\"wp-block-cover__image-background wp-image-66\" alt=\"\" src=\"https:\/\/cricket.europematch.eu\/fra\/wp-content\/uploads\/sites\/4\/2022\/08\/Cricket-creative-6.jpg\" style=\"object-position:50% 25%\" data-object-fit=\"cover\" data-object-position=\"50% 25%\" srcset=\"https:\/\/cricket.europematch.eu\/fra\/wp-content\/uploads\/sites\/4\/2022\/08\/Cricket-creative-6.jpg 1900w, https:\/\/cricket.europematch.eu\/fra\/wp-content\/uploads\/sites\/4\/2022\/08\/Cricket-creative-6-300x200.jpg 300w, https:\/\/cricket.europematch.eu\/fra\/wp-content\/uploads\/sites\/4\/2022\/08\/Cricket-creative-6-1024x683.jpg 1024w, https:\/\/cricket.europematch.eu\/fra\/wp-content\/uploads\/sites\/4\/2022\/08\/Cricket-creative-6-768x512.jpg 768w, https:\/\/cricket.europematch.eu\/fra\/wp-content\/uploads\/sites\/4\/2022\/08\/Cricket-creative-6-1536x1024.jpg 1536w, https:\/\/cricket.europematch.eu\/fra\/wp-content\/uploads\/sites\/4\/2022\/08\/Cricket-creative-6-1140x760.jpg 1140w, https:\/\/cricket.europematch.eu\/fra\/wp-content\/uploads\/sites\/4\/2022\/08\/Cricket-creative-6-920x613.jpg 920w, https:\/\/cricket.europematch.eu\/fra\/wp-content\/uploads\/sites\/4\/2022\/08\/Cricket-creative-6-575x383.jpg 575w, https:\/\/cricket.europematch.eu\/fra\/wp-content\/uploads\/sites\/4\/2022\/08\/Cricket-creative-6-380x253.jpg 380w, https:\/\/cricket.europematch.eu\/fra\/wp-content\/uploads\/sites\/4\/2022\/08\/Cricket-creative-6-800x533.jpg 800w\" sizes=\"(max-width: 1900px) 100vw, 1900px\" \/><div class=\"wp-block-cover__inner-container\">\n<div class=\"wp-block-columns is-layout-flex wp-container-4\">\n<div class=\"wp-block-column is-layout-flow\" style=\"flex-basis:25%\"><\/div>\n\n\n\n<div class=\"wp-block-column is-layout-flow\" style=\"flex-basis:50%\">\n<figure class=\"wp-block-image size-large is-resized\"><img decoding=\"async\" loading=\"lazy\" src=\"https:\/\/cricket.europematch.eu\/fra\/wp-content\/uploads\/sites\/4\/2022\/08\/Cricket_logo_FlameRed_rgb-1024x321.png\" alt=\"\" class=\"wp-image-68\" width=\"246\" height=\"76\" srcset=\"https:\/\/cricket.europematch.eu\/fra\/wp-content\/uploads\/sites\/4\/2022\/08\/Cricket_logo_FlameRed_rgb-1024x321.png 1024w, https:\/\/cricket.europematch.eu\/fra\/wp-content\/uploads\/sites\/4\/2022\/08\/Cricket_logo_FlameRed_rgb-300x94.png 300w, https:\/\/cricket.europematch.eu\/fra\/wp-content\/uploads\/sites\/4\/2022\/08\/Cricket_logo_FlameRed_rgb-768x241.png 768w, https:\/\/cricket.europematch.eu\/fra\/wp-content\/uploads\/sites\/4\/2022\/08\/Cricket_logo_FlameRed_rgb-1536x481.png 1536w, https:\/\/cricket.europematch.eu\/fra\/wp-content\/uploads\/sites\/4\/2022\/08\/Cricket_logo_FlameRed_rgb-2048x642.png 2048w, https:\/\/cricket.europematch.eu\/fra\/wp-content\/uploads\/sites\/4\/2022\/08\/Cricket_logo_FlameRed_rgb-1140x357.png 1140w, https:\/\/cricket.europematch.eu\/fra\/wp-content\/uploads\/sites\/4\/2022\/08\/Cricket_logo_FlameRed_rgb-920x288.png 920w, https:\/\/cricket.europematch.eu\/fra\/wp-content\/uploads\/sites\/4\/2022\/08\/Cricket_logo_FlameRed_rgb-575x180.png 575w, https:\/\/cricket.europematch.eu\/fra\/wp-content\/uploads\/sites\/4\/2022\/08\/Cricket_logo_FlameRed_rgb-380x119.png 380w, https:\/\/cricket.europematch.eu\/fra\/wp-content\/uploads\/sites\/4\/2022\/08\/Cricket_logo_FlameRed_rgb-800x251.png 800w\" sizes=\"(max-width: 246px) 100vw, 246px\" \/><\/figure>\n\n\n\n<p class=\"has-normal-font-size\" style=\"font-style:normal;font-weight:900;text-transform:uppercase\">Chaque jour il y a besoin de millions de fois de feu dans le monde entier. C&#8217;est l&#8217;occasion de placer le message publicitaire d&#8217;un produit, d&#8217;un service ou d&#8217;une entreprise sous les yeux de l&#8217;utilisateur.<\/p>\n<\/div>\n\n\n\n<div class=\"wp-block-column is-layout-flow\" style=\"flex-basis:25%\"><\/div>\n<\/div>\n<\/div><\/div>\n\n\n\n<h3 class=\"has-text-align-center wp-block-heading\">Nos mod\u00e8les<\/h3>\n\n\n\t\t<div class='wp-block-bicb-carousel  align' id='bicbCarousel-5cb4780f-0' data-attributes='{&quot;cId&quot;:&quot;5cb4780f-0&quot;,&quot;carousels&quot;:[{&quot;image&quot;:{&quot;id&quot;:30,&quot;url&quot;:&quot;https:\\\/\\\/cricket.europematch.eu\\\/fra\\\/wp-content\\\/uploads\\\/sites\\\/4\\\/2022\\\/08\\\/foto-13.jpg&quot;,&quot;alt&quot;:&quot;&quot;,&quot;title&quot;:&quot;foto-13.jpg&quot;}},{&quot;image&quot;:{&quot;id&quot;:34,&quot;url&quot;:&quot;https:\\\/\\\/cricket.europematch.eu\\\/fra\\\/wp-content\\\/uploads\\\/sites\\\/4\\\/2022\\\/08\\\/foto-8.jpg&quot;,&quot;alt&quot;:&quot;&quot;,&quot;title&quot;:&quot;foto-8.jpg&quot;}},{&quot;image&quot;:{&quot;id&quot;:36,&quot;url&quot;:&quot;https:\\\/\\\/cricket.europematch.eu\\\/fra\\\/wp-content\\\/uploads\\\/sites\\\/4\\\/2022\\\/08\\\/foto-9.jpg&quot;,&quot;alt&quot;:&quot;&quot;,&quot;title&quot;:&quot;foto-9.jpg&quot;}},{&quot;image&quot;:{&quot;id&quot;:36,&quot;url&quot;:&quot;https:\\\/\\\/cricket.europematch.eu\\\/fra\\\/wp-content\\\/uploads\\\/sites\\\/4\\\/2022\\\/08\\\/foto-9.jpg&quot;,&quot;alt&quot;:&quot;&quot;,&quot;title&quot;:&quot;foto-9.jpg&quot;}},{&quot;image&quot;:{&quot;id&quot;:26,&quot;url&quot;:&quot;https:\\\/\\\/cricket.europematch.eu\\\/fra\\\/wp-content\\\/uploads\\\/sites\\\/4\\\/2022\\\/08\\\/foto-3.jpg&quot;,&quot;alt&quot;:&quot;&quot;,&quot;title&quot;:&quot;foto-3.jpg&quot;}},{&quot;image&quot;:{&quot;id&quot;:13,&quot;url&quot;:&quot;https:\\\/\\\/cricket.europematch.eu\\\/fra\\\/wp-content\\\/uploads\\\/sites\\\/4\\\/2022\\\/08\\\/foto-6.jpg&quot;,&quot;alt&quot;:&quot;&quot;,&quot;title&quot;:&quot;foto-6.jpg&quot;}}],&quot;background&quot;:{&quot;color&quot;:&quot;#0000&quot;,&quot;type&quot;:&quot;solid&quot;,&quot;gradient&quot;:&quot;linear-gradient(135deg, #4527a4, #8344c5)&quot;,&quot;image&quot;:[],&quot;position&quot;:&quot;center center&quot;,&quot;attachment&quot;:&quot;initial&quot;,&quot;repeat&quot;:&quot;no-repeat&quot;,&quot;size&quot;:&quot;cover&quot;,&quot;overlayColor&quot;:&quot;#000000b3&quot;,&quot;styles&quot;:&quot;background: #0000;&quot;},&quot;padding&quot;:{&quot;vertical&quot;:&quot;10px&quot;,&quot;horizontal&quot;:&quot;10px&quot;,&quot;side&quot;:2,&quot;top&quot;:&quot;0px&quot;,&quot;right&quot;:&quot;0px&quot;,&quot;bottom&quot;:&quot;0px&quot;,&quot;left&quot;:&quot;0px&quot;,&quot;styles&quot;:&quot;10px 10px&quot;},&quot;pageColor&quot;:&quot;#212121&quot;,&quot;isPrevNext&quot;:false,&quot;align&quot;:&quot;&quot;,&quot;height&quot;:&quot;250px&quot;,&quot;carouselOptions&quot;:{&quot;columns&quot;:{&quot;desktop&quot;:3,&quot;tablet&quot;:2,&quot;mobile&quot;:1},&quot;columnGap&quot;:30,&quot;isLoop&quot;:true,&quot;speed&quot;:1.5,&quot;autoplayOptions&quot;:{&quot;enabled&quot;:true}},&quot;isPage&quot;:true,&quot;pageSize&quot;:&quot;12px&quot;,&quot;prevNextSize&quot;:&quot;25px&quot;,&quot;prevNextColor&quot;:&quot;#4527a4&quot;}'><\/div>\n\n\t\t\n\n\n<div class=\"wp-block-buttons is-content-justification-center is-layout-flex wp-container-5\">\n<div class=\"wp-block-button has-custom-width wp-block-button__width-75\"><a class=\"wp-block-button__link\" href=\"https:\/\/cricket.europematch.eu\/fra\/modele\/\" target=\"_blank\" rel=\"noreferrer noopener\">Mod\u00e9les<\/a><\/div>\n<\/div>\n\n\n\n<div style=\"height:30px\" aria-hidden=\"true\" class=\"wp-block-spacer\"><\/div>\n\n\n\n<div class=\"wp-block-columns is-layout-flex wp-container-9\">\n<div class=\"wp-block-column is-layout-flow\">\n<p class=\"has-text-color\" style=\"color:#beac49;font-size:20px;font-style:normal;font-weight:100\">LA CONFIANCE DE LA PLUS HAUTE QUALIT\u00c9 ET S\u00c9CURIT\u00c9 !<\/p>\n<\/div>\n\n\n\n<div class=\"wp-block-column is-layout-flow\">\n<p class=\"has-background has-small-font-size\" style=\"background-color:#beac49;font-style:normal;font-weight:900;text-transform:uppercase\">Les possibilit\u00e9s d&#8217;utilisation quasi illimit\u00e9es font des briquets un outil de longue date dans le domaine de la publicit\u00e9.<br>Les m\u00e9thodes d&#8217;impression et de finition actuelles donnent aux briquets un design unique et garantissent le succ\u00e8s de la marque.<br>La marque Cricket reste synonyme de qualit\u00e9 et de s\u00e9curit\u00e9 maximales dans le segment des briquets publicitaires.<br>Un design innovant et \u00e0 la mode, associ\u00e9 \u00e0 une technique \u00e9prouv\u00e9e, font des briquets Cricket un \u00e9l\u00e9ment incontournable du marketing.<br>Les briquets de cette marque se caract\u00e9risent par un allumage en douceur, un m\u00e9canisme pi\u00e9zo\u00e9lectrique fiable et des syst\u00e8mes de s\u00e9curit\u00e9 enfants<br>faciles \u00e0 utiliser. Les r\u00e9servoirs en nylon ininflammable et auto-extinguible et le syst\u00e8me de flamme fixe se soucient de la s\u00e9curit\u00e9 absolue<br>de l&#8217;utilisateur. Les briquets Cricket peuvent \u00eatre imprim\u00e9s sur les 4 c\u00f4t\u00e9s. Avec le &#8220;Sleeve&#8221; et &#8220;wrapping&#8221;, vous obtenez un effet \u00e0 360\u00b0 de votre publicit\u00e9.<br>En plus d&#8217;une large gamme de couleurs de corps standard, les briquets peuvent \u00eatre produits dans presque toutes les couleurs PMS.<\/p>\n<\/div>\n\n\n\n<div class=\"wp-block-column is-layout-flow\">\n<figure class=\"wp-block-image size-full is-resized\"><img decoding=\"async\" src=\"https:\/\/cricket.europematch.eu\/fra\/wp-content\/uploads\/sites\/4\/2022\/08\/cricket-creative.jpg\" alt=\"\" class=\"wp-image-69\" width=\"370\" srcset=\"https:\/\/cricket.europematch.eu\/fra\/wp-content\/uploads\/sites\/4\/2022\/08\/cricket-creative.jpg 430w, https:\/\/cricket.europematch.eu\/fra\/wp-content\/uploads\/sites\/4\/2022\/08\/cricket-creative-241x300.jpg 241w, https:\/\/cricket.europematch.eu\/fra\/wp-content\/uploads\/sites\/4\/2022\/08\/cricket-creative-380x473.jpg 380w\" sizes=\"(max-width: 430px) 100vw, 430px\" \/><\/figure>\n<\/div>\n<\/div>\n\n\n\n<div class=\"wp-block-buttons is-content-justification-center is-layout-flex wp-container-10\">\n<div class=\"wp-block-button has-custom-width wp-block-button__width-75\"><a class=\"wp-block-button__link\" href=\"https:\/\/cricket.europematch.eu\/fra\/nous-contacter\/\" target=\"_blank\" rel=\"noreferrer noopener\">Nous contacter<\/a><\/div>\n<\/div>\n\n\n\n<h3 class=\"has-text-align-center wp-block-heading\">Recommand\u00e9 pour vous<\/h3>\n\n\n<div class=\"woocommerce columns-4 product-grid\"><ul class=\"products columns-4\">\n<li class=\"product type-product post-37 status-publish first instock product_cat-non-classe has-post-thumbnail shipping-taxable purchasable product-type-simple\">\n\t<\/li>\n<li class=\"product type-product post-35 status-publish instock product_cat-non-classe has-post-thumbnail shipping-taxable purchasable product-type-simple\">\n\t<\/li>\n<li class=\"product type-product post-33 status-publish instock product_cat-non-classe has-post-thumbnail shipping-taxable purchasable product-type-simple\">\n\t<\/li>\n<li class=\"product type-product post-31 status-publish last instock product_cat-non-classe has-post-thumbnail shipping-taxable purchasable product-type-simple\">\n\t<\/li>\n<\/ul>\n<\/div>\n\n\n\n<div style=\"height:30px\" aria-hidden=\"true\" class=\"wp-block-spacer\"><\/div>\n\n\n\n<div class=\"wp-block-columns is-layout-flex wp-container-13\">\n<div class=\"wp-block-column lentiblock has-background is-layout-flow\" style=\"background-color:#beac49\">\n<h4 class=\"has-color-6-color has-text-color wp-block-heading\">   Qualit\u00e9<\/h4>\n\n\n\n<ul style=\"font-style:normal;font-weight:800;text-transform:uppercase\"><li>ISO 9001, ISO 994, certifi\u00e9 GS<\/li><li>Fonctionnement fiable des briquets m\u00e9caniques et du m\u00e9canisme pi\u00e9zo\u00e9lectrique.<\/li><li>Plus de 60 contr\u00f4les de qualit\u00e9 pendant le processus.<\/li><li>Fabriqu\u00e9 dans l&#8217;UE (Pays-Bas), sauf Maxi\/Maxi Metal (Philippines)<\/li><\/ul>\n\n\n\n<h4 class=\"has-color-6-color has-text-color wp-block-heading\">   S\u00e9curit\u00e9<\/h4>\n\n\n\n<ul style=\"font-style:normal;font-weight:800;text-transform:uppercase\"><li>Syst\u00e8mes de s\u00e9curit\u00e9 enfants faciles \u00e0 utiliser<\/li><li>Briquets fabriqu\u00e9s en nylon ininflammable et auto-extinguible<\/li><li>Syst\u00e8me de flamme fixe pour \u00e9viter les flammes hautes dangereuses<\/li><li>R\u00e9sistant \u00e0 la chaleur jusqu&#8217;\u00e0 des temp\u00e9ratures sup\u00e9rieures \u00e0 65\u00b0Celsius<\/li><li>Valves \u00e0 fermeture \u00e9tanche emp\u00eachant toute perte permanente de gaz<\/li><\/ul>\n<\/div>\n\n\n\n<div class=\"wp-block-column lentiblock has-background is-layout-flow\" style=\"background-color:#beac49\">\n<h4 class=\"has-color-6-color has-text-color wp-block-heading\">   Design<\/h4>\n\n\n\n<ul style=\"font-style:normal;font-weight:900;text-transform:uppercase\"><li>Design fin et \u00e0 la mode, disponible dans de nombreuses couleurs<\/li><li>Couleurs sp\u00e9ciales du corps disponibles \u00e0 partir de 50.000 pi\u00e8ces<\/li><li>Couleurs sp\u00e9ciales des capuchons et des leviers sur demande<\/li><\/ul>\n\n\n\n<h4 class=\"has-color-6-color has-text-color wp-block-heading\">   Cr\u00e9ativit\u00e9 et vari\u00e9t\u00e9<\/h4>\n\n\n\n<ul style=\"font-style:normal;font-weight:900;text-transform:uppercase\"><li>S\u00e9rigraphie et tampographie sur les 4 c\u00f4t\u00e9s<\/li><li>Motif de 360\u00b0 en &#8220;Sleeve&#8221;<\/li><li>Motif de 360\u00b0 en &#8220;Wrapping&#8221;<\/li><\/ul>\n\n\n\n<h4 class=\"has-color-6-color has-text-color wp-block-heading\">   \u00c9conomique<\/h4>\n\n\n\n<ul style=\"font-style:normal;font-weight:900;text-transform:uppercase\"><li>Les briquets Cricket contiennent deux \u00e0 trois fois plus de gaz que les briquets sans corps en nylon<\/li><\/ul>\n<\/div>\n<\/div>\n","protected":false},"excerpt":{"rendered":"<p>Nos mod\u00e8les LA CONFIANCE DE LA PLUS HAUTE QUALIT\u00c9 ET S\u00c9CURIT\u00c9 ! Les possibilit\u00e9s d&#8217;utilisation quasi illimit\u00e9es font des briquets un outil de longue date dans le domaine de la [&hellip;]<\/p>\n","protected":false},"author":1,"featured_media":0,"parent":0,"menu_order":0,"comment_status":"closed","ping_status":"closed","template":"","meta":[],"_links":{"self":[{"href":"https:\/\/cricket.europematch.eu\/fra\/wp-json\/wp\/v2\/pages\/38"}],"collection":[{"href":"https:\/\/cricket.europematch.eu\/fra\/wp-json\/wp\/v2\/pages"}],"about":[{"href":"https:\/\/cricket.europematch.eu\/fra\/wp-json\/wp\/v2\/types\/page"}],"author":[{"embeddable":true,"href":"https:\/\/cricket.europematch.eu\/fra\/wp-json\/wp\/v2\/users\/1"}],"replies":[{"embeddable":true,"href":"https:\/\/cricket.europematch.eu\/fra\/wp-json\/wp\/v2\/comments?post=38"}],"version-history":[{"count":2,"href":"https:\/\/cricket.europematch.eu\/fra\/wp-json\/wp\/v2\/pages\/38\/revisions"}],"predecessor-version":[{"id":78,"href":"https:\/\/cricket.europematch.eu\/fra\/wp-json\/wp\/v2\/pages\/38\/revisions\/78"}],"wp:attachment":[{"href":"https:\/\/cricket.europematch.eu\/fra\/wp-json\/wp\/v2\/media?parent=38"}],"curies":[{"name":"wp","href":"https:\/\/api.w.org\/{rel}","templated":true}]}}