{"id":10,"date":"2022-08-23T06:49:41","date_gmt":"2022-08-23T06:49:41","guid":{"rendered":"https:\/\/cricket.europematch.eu\/esp\/?page_id=10"},"modified":"2022-08-29T14:44:51","modified_gmt":"2022-08-29T14:44:51","slug":"pagina-principal","status":"publish","type":"page","link":"https:\/\/cricket.europematch.eu\/esp\/","title":{"rendered":"Pagina principal"},"content":{"rendered":"\n<div class=\"wp-block-cover alignfull\"><span aria-hidden=\"true\" class=\"wp-block-cover__background has-background-dim\"><\/span><img decoding=\"async\" loading=\"lazy\" width=\"1900\" height=\"1267\" class=\"wp-block-cover__image-background wp-image-79\" alt=\"\" src=\"https:\/\/cricket.europematch.eu\/esp\/wp-content\/uploads\/sites\/3\/2022\/08\/Cricket-creative-6.jpg\" style=\"object-position:48% 21%\" data-object-fit=\"cover\" data-object-position=\"48% 21%\" srcset=\"https:\/\/cricket.europematch.eu\/esp\/wp-content\/uploads\/sites\/3\/2022\/08\/Cricket-creative-6.jpg 1900w, https:\/\/cricket.europematch.eu\/esp\/wp-content\/uploads\/sites\/3\/2022\/08\/Cricket-creative-6-300x200.jpg 300w, https:\/\/cricket.europematch.eu\/esp\/wp-content\/uploads\/sites\/3\/2022\/08\/Cricket-creative-6-1024x683.jpg 1024w, https:\/\/cricket.europematch.eu\/esp\/wp-content\/uploads\/sites\/3\/2022\/08\/Cricket-creative-6-768x512.jpg 768w, https:\/\/cricket.europematch.eu\/esp\/wp-content\/uploads\/sites\/3\/2022\/08\/Cricket-creative-6-1536x1024.jpg 1536w, https:\/\/cricket.europematch.eu\/esp\/wp-content\/uploads\/sites\/3\/2022\/08\/Cricket-creative-6-1140x760.jpg 1140w, https:\/\/cricket.europematch.eu\/esp\/wp-content\/uploads\/sites\/3\/2022\/08\/Cricket-creative-6-920x613.jpg 920w, https:\/\/cricket.europematch.eu\/esp\/wp-content\/uploads\/sites\/3\/2022\/08\/Cricket-creative-6-575x383.jpg 575w, https:\/\/cricket.europematch.eu\/esp\/wp-content\/uploads\/sites\/3\/2022\/08\/Cricket-creative-6-380x253.jpg 380w, https:\/\/cricket.europematch.eu\/esp\/wp-content\/uploads\/sites\/3\/2022\/08\/Cricket-creative-6-800x533.jpg 800w\" sizes=\"(max-width: 1900px) 100vw, 1900px\" \/><div class=\"wp-block-cover__inner-container\">\n<p class=\"has-text-align-center has-large-font-size\"><\/p>\n\n\n\n<div class=\"wp-block-columns is-layout-flex wp-container-4\">\n<div class=\"wp-block-column is-layout-flow\" style=\"flex-basis:25%\"><\/div>\n\n\n\n<div class=\"wp-block-column is-layout-flow\" style=\"flex-basis:50%\">\n<figure class=\"wp-block-image size-large is-resized\"><img decoding=\"async\" loading=\"lazy\" src=\"https:\/\/cricket.europematch.eu\/esp\/wp-content\/uploads\/sites\/3\/2022\/08\/Cricket_logo_FlameRed_rgb-1024x321.png\" alt=\"\" class=\"wp-image-80\" width=\"246\" height=\"76\" srcset=\"https:\/\/cricket.europematch.eu\/esp\/wp-content\/uploads\/sites\/3\/2022\/08\/Cricket_logo_FlameRed_rgb-1024x321.png 1024w, https:\/\/cricket.europematch.eu\/esp\/wp-content\/uploads\/sites\/3\/2022\/08\/Cricket_logo_FlameRed_rgb-300x94.png 300w, https:\/\/cricket.europematch.eu\/esp\/wp-content\/uploads\/sites\/3\/2022\/08\/Cricket_logo_FlameRed_rgb-768x241.png 768w, https:\/\/cricket.europematch.eu\/esp\/wp-content\/uploads\/sites\/3\/2022\/08\/Cricket_logo_FlameRed_rgb-1536x481.png 1536w, https:\/\/cricket.europematch.eu\/esp\/wp-content\/uploads\/sites\/3\/2022\/08\/Cricket_logo_FlameRed_rgb-2048x642.png 2048w, https:\/\/cricket.europematch.eu\/esp\/wp-content\/uploads\/sites\/3\/2022\/08\/Cricket_logo_FlameRed_rgb-1140x357.png 1140w, https:\/\/cricket.europematch.eu\/esp\/wp-content\/uploads\/sites\/3\/2022\/08\/Cricket_logo_FlameRed_rgb-920x288.png 920w, https:\/\/cricket.europematch.eu\/esp\/wp-content\/uploads\/sites\/3\/2022\/08\/Cricket_logo_FlameRed_rgb-575x180.png 575w, https:\/\/cricket.europematch.eu\/esp\/wp-content\/uploads\/sites\/3\/2022\/08\/Cricket_logo_FlameRed_rgb-380x119.png 380w, https:\/\/cricket.europematch.eu\/esp\/wp-content\/uploads\/sites\/3\/2022\/08\/Cricket_logo_FlameRed_rgb-800x251.png 800w\" sizes=\"(max-width: 246px) 100vw, 246px\" \/><\/figure>\n\n\n\n<p class=\"has-normal-font-size\" style=\"font-style:normal;font-weight:900;text-transform:uppercase\">Cada d\u00eda hay necesidad de disponer de fuego millones de veces en todo el mundo. Esta circunstancia ofrece la oportunidad de colocar un mensaje publicitario para un producto, un servicio o una compa\u00f1ia, en el punto de mira del usuario.<\/p>\n<\/div>\n\n\n\n<div class=\"wp-block-column is-layout-flow\" style=\"flex-basis:25%\"><\/div>\n<\/div>\n<\/div><\/div>\n\n\n\n<h3 class=\"has-text-align-center wp-block-heading\">Nuestros modelos<\/h3>\n\n\n\t\t<div class='wp-block-bicb-carousel  align' id='bicbCarousel-228c694c-0' data-attributes='{&quot;cId&quot;:&quot;228c694c-0&quot;,&quot;carousels&quot;:[{&quot;image&quot;:{&quot;id&quot;:49,&quot;url&quot;:&quot;https:\\\/\\\/cricket.europematch.eu\\\/esp\\\/wp-content\\\/uploads\\\/sites\\\/3\\\/2022\\\/08\\\/foto-13.jpg&quot;,&quot;alt&quot;:&quot;&quot;,&quot;title&quot;:&quot;foto-13.jpg&quot;}},{&quot;image&quot;:{&quot;id&quot;:53,&quot;url&quot;:&quot;https:\\\/\\\/cricket.europematch.eu\\\/esp\\\/wp-content\\\/uploads\\\/sites\\\/3\\\/2022\\\/08\\\/foto-8.jpg&quot;,&quot;alt&quot;:&quot;&quot;,&quot;title&quot;:&quot;foto-8.jpg&quot;}},{&quot;image&quot;:{&quot;id&quot;:55,&quot;url&quot;:&quot;https:\\\/\\\/cricket.europematch.eu\\\/esp\\\/wp-content\\\/uploads\\\/sites\\\/3\\\/2022\\\/08\\\/foto-9.jpg&quot;,&quot;alt&quot;:&quot;&quot;,&quot;title&quot;:&quot;foto-9.jpg&quot;}},{&quot;image&quot;:{&quot;id&quot;:38,&quot;url&quot;:&quot;https:\\\/\\\/cricket.europematch.eu\\\/esp\\\/wp-content\\\/uploads\\\/sites\\\/3\\\/2022\\\/08\\\/foto-14.jpg&quot;,&quot;alt&quot;:&quot;&quot;,&quot;title&quot;:&quot;foto-14.jpg&quot;}},{&quot;image&quot;:{&quot;id&quot;:45,&quot;url&quot;:&quot;https:\\\/\\\/cricket.europematch.eu\\\/esp\\\/wp-content\\\/uploads\\\/sites\\\/3\\\/2022\\\/08\\\/foto-3.jpg&quot;,&quot;alt&quot;:&quot;&quot;,&quot;title&quot;:&quot;foto-3.jpg&quot;}},{&quot;image&quot;:{&quot;id&quot;:32,&quot;url&quot;:&quot;https:\\\/\\\/cricket.europematch.eu\\\/esp\\\/wp-content\\\/uploads\\\/sites\\\/3\\\/2022\\\/08\\\/foto-6.jpg&quot;,&quot;alt&quot;:&quot;&quot;,&quot;title&quot;:&quot;foto-6.jpg&quot;}}],&quot;background&quot;:{&quot;color&quot;:&quot;#0000&quot;,&quot;type&quot;:&quot;solid&quot;,&quot;gradient&quot;:&quot;linear-gradient(135deg, #4527a4, #8344c5)&quot;,&quot;image&quot;:[],&quot;position&quot;:&quot;center center&quot;,&quot;attachment&quot;:&quot;initial&quot;,&quot;repeat&quot;:&quot;no-repeat&quot;,&quot;size&quot;:&quot;cover&quot;,&quot;overlayColor&quot;:&quot;#000000b3&quot;,&quot;styles&quot;:&quot;background: #0000;&quot;},&quot;padding&quot;:{&quot;vertical&quot;:&quot;10px&quot;,&quot;horizontal&quot;:&quot;10px&quot;,&quot;side&quot;:2,&quot;top&quot;:&quot;0px&quot;,&quot;right&quot;:&quot;0px&quot;,&quot;bottom&quot;:&quot;0px&quot;,&quot;left&quot;:&quot;0px&quot;,&quot;styles&quot;:&quot;10px 10px&quot;},&quot;pageColor&quot;:&quot;#212121&quot;,&quot;isPrevNext&quot;:false,&quot;align&quot;:&quot;&quot;,&quot;height&quot;:&quot;250px&quot;,&quot;carouselOptions&quot;:{&quot;columns&quot;:{&quot;desktop&quot;:3,&quot;tablet&quot;:2,&quot;mobile&quot;:1},&quot;columnGap&quot;:30,&quot;isLoop&quot;:true,&quot;speed&quot;:1.5,&quot;autoplayOptions&quot;:{&quot;enabled&quot;:true}},&quot;isPage&quot;:true,&quot;pageSize&quot;:&quot;12px&quot;,&quot;prevNextSize&quot;:&quot;25px&quot;,&quot;prevNextColor&quot;:&quot;#4527a4&quot;}'><\/div>\n\n\t\t\n\n\n<div class=\"wp-block-buttons is-content-justification-center is-layout-flex wp-container-5\">\n<div class=\"wp-block-button has-custom-width wp-block-button__width-75\"><a class=\"wp-block-button__link\" href=\"https:\/\/cricket.europematch.eu\/esp\/modelos\/\" target=\"_blank\" rel=\"noreferrer noopener\">Modelos<\/a><\/div>\n<\/div>\n\n\n\n<div style=\"height:30px\" aria-hidden=\"true\" class=\"wp-block-spacer\"><\/div>\n\n\n\n<div class=\"wp-block-columns is-layout-flex wp-container-9\">\n<div class=\"wp-block-column is-layout-flow\">\n<p class=\"has-text-color\" style=\"color:#beac49;font-size:20px;font-style:normal;font-weight:100;text-transform:uppercase\">\u00a1CONFIANZA CON LA M\u00c1S ALTA CALIDAD Y SEGURIDAD!<\/p>\n<\/div>\n\n\n\n<div class=\"wp-block-column is-layout-flow\">\n<p class=\"has-background has-small-font-size\" style=\"background-color:#beac49;font-style:normal;font-weight:900;text-transform:uppercase\">Las casi ilimitadas posibilidades de uso del encendedor lo convierten en un importante soporte publicitario. Los actuales metodos de impresi\u00f3n y opciones de acabado, dan a los encendedores un dise\u00f1o \u00fanico, y garantizan un perfecto soporte para cada marca. La marca cRICKET es sin\u00f3nimo de la m\u00e1s alta calidad y seguridad en el segmento de los encendedores publicitarios. Un dise\u00f1o innovador y moderno en combinaci\u00f3n con una sofisticada tecnolog\u00eda, hacen de los encendedores Cricket un art\u00edculo necesario en su Marketing-Mix. La suave fricci\u00f3n y funcionamiento del encendido de piedra, la fiabilidad del encendido piezoel\u00e9ctrico y el c\u00f3modo mecanismo de seguridad para ni\u00f1os (CR) son se\u00f1as de identidad de esta marca de encendedores. Dep\u00f3sitos de gas ign\u00edfugos de Nylon autoextinguible y el sistema de llama fija, aseguran una seguridad absoluta para el usuario. Los encendedores Cricket se pueden imprimir en sus 4 lados por serigraf\u00eda o tampograf\u00eda. Por otra parte, y mediante un sleeve Digital o una etiqueta envolvente, conseguir\u00e1 mostrar su publicidad en los 360\u00ba de la superficie del encendedor. Adem\u00e1s de la amplia selecci\u00f3n de colores de cuerpo est\u00e1ndar, los encendedores Cricket pueden ser fabricados en casi todos los colores de la gama PMS.<\/p>\n<\/div>\n\n\n\n<div class=\"wp-block-column is-layout-flow\">\n<figure class=\"wp-block-image size-full is-resized\"><img decoding=\"async\" src=\"https:\/\/cricket.europematch.eu\/esp\/wp-content\/uploads\/sites\/3\/2022\/08\/cricket-creative.jpg\" alt=\"\" class=\"wp-image-82\" width=\"370\" srcset=\"https:\/\/cricket.europematch.eu\/esp\/wp-content\/uploads\/sites\/3\/2022\/08\/cricket-creative.jpg 430w, https:\/\/cricket.europematch.eu\/esp\/wp-content\/uploads\/sites\/3\/2022\/08\/cricket-creative-241x300.jpg 241w, https:\/\/cricket.europematch.eu\/esp\/wp-content\/uploads\/sites\/3\/2022\/08\/cricket-creative-380x473.jpg 380w\" sizes=\"(max-width: 430px) 100vw, 430px\" \/><\/figure>\n<\/div>\n<\/div>\n\n\n\n<div class=\"wp-block-buttons is-content-justification-center is-layout-flex wp-container-10\">\n<div class=\"wp-block-button has-custom-width wp-block-button__width-75\"><a class=\"wp-block-button__link\" href=\"https:\/\/cricket.europematch.eu\/esp\/contactenos\/\" target=\"_blank\" rel=\"noreferrer noopener\">Cont\u00e1ctenos<\/a><\/div>\n<\/div>\n\n\n\n<h3 class=\"has-text-align-center wp-block-heading\">Recomendado para usted<\/h3>\n\n\n<div class=\"woocommerce columns-4 product-grid\"><ul class=\"products columns-4\">\n<li class=\"product type-product post-56 status-publish first instock product_cat-sin-categorizar has-post-thumbnail shipping-taxable purchasable product-type-simple\">\n\t<\/li>\n<li class=\"product type-product post-54 status-publish instock product_cat-sin-categorizar has-post-thumbnail shipping-taxable purchasable product-type-simple\">\n\t<\/li>\n<li class=\"product type-product post-52 status-publish instock product_cat-sin-categorizar has-post-thumbnail shipping-taxable purchasable product-type-simple\">\n\t<\/li>\n<li class=\"product type-product post-50 status-publish last instock product_cat-sin-categorizar has-post-thumbnail shipping-taxable purchasable product-type-simple\">\n\t<\/li>\n<\/ul>\n<\/div>\n\n\n\n<div style=\"height:30px\" aria-hidden=\"true\" class=\"wp-block-spacer\"><\/div>\n\n\n\n<div class=\"wp-block-columns is-layout-flex wp-container-13\">\n<div class=\"wp-block-column lentiblock has-background is-layout-flow\" style=\"background-color:#beac49\">\n<h4 class=\"has-color-6-color has-text-color wp-block-heading\">Calidad<\/h4>\n\n\n\n<ul class=\"has-small-font-size\" style=\"font-style:normal;font-weight:900;text-transform:uppercase\"><li>ISO 9001, ISO 994, certificado GS<\/li><li>Suave fricci\u00f3n del encendido de piedra, encendido piezoel\u00e9ctrico fiable<\/li><li>M\u00e1s de 60 controles de calidad durante el proceso de producci\u00f3n<\/li><li>Fabricado en la UE (Pa\u00edses Bajos), excepto Maxi\/Maxi Metal (Filipinas)<\/li><\/ul>\n\n\n\n<h4 class=\"has-color-6-color has-text-color wp-block-heading\">Seguridad<\/h4>\n\n\n\n<ul class=\"has-small-font-size\" style=\"font-style:normal;font-weight:900;text-transform:uppercase\"><li>C\u00f3modo mecanismo de seguridad para ni\u00f1os (CR)<\/li><li>Encendedores fabricados de nylon ign\u00edfugo y autoextinguible<\/li><li>Sistema de Llama autorregulada (Fixed Flame System) que evita peligrosas llamaradas<\/li><li>Resistente a temperaturas de hasta 65\u00b0C<\/li><li>V\u00e1lvulas de cierre autom\u00e1tico para evitar una p\u00e9rdida permanente de gas<\/li><\/ul>\n<\/div>\n\n\n\n<div class=\"wp-block-column lentiblock has-background is-layout-flow\" style=\"background-color:#beac49\">\n<h4 class=\"has-color-6-color has-text-color wp-block-heading\">Dise\u00f1o<\/h4>\n\n\n\n<ul class=\"has-small-font-size\" style=\"font-style:normal;font-weight:900;text-transform:uppercase\"><li>Dise\u00f1o elegante y estilizado en modernos colores actuales<\/li><li>Colores especiales de cuerpo, a partir de 50.000 piezas<\/li><li>Colores especiales de cabezales y pulsadores, disponibles bajo pedido<\/li><\/ul>\n\n\n\n<h4 class=\"has-color-6-color has-text-color wp-block-heading\">Creatividad y variedad<\/h4>\n\n\n\n<ul class=\"has-small-font-size\" style=\"font-style:normal;font-weight:900;text-transform:uppercase\"><li>Serigraf\u00eda y tampograf\u00eda en los 4 lados del encendedor<\/li><li>Motivos en 360\u00b0 mediante etiqueta envolvente<\/li><li>Motivos en 360\u00b0 mediante sleeve digital<\/li><\/ul>\n\n\n\n<h4 class=\"has-color-6-color has-text-color wp-block-heading\">Econom\u00eda<\/h4>\n\n\n\n<ul class=\"has-small-font-size\" style=\"font-style:normal;font-weight:900;text-transform:uppercase\"><li>El nylon utilizado en los encendedores Cricket, permite dep\u00f3sitos con paredes m\u00e1s delgadas, y por lo tanto, un contenido de gas entre 2 y 3 veces mayor en comparaci\u00f3n con encendedores fabricados con otros materiales<\/li><\/ul>\n<\/div>\n<\/div>\n","protected":false},"excerpt":{"rendered":"<p>Nuestros modelos \u00a1CONFIANZA CON LA M\u00c1S ALTA CALIDAD Y SEGURIDAD! Las casi ilimitadas posibilidades de uso del encendedor lo convierten en un importante soporte publicitario. Los actuales metodos de impresi\u00f3n [&hellip;]<\/p>\n","protected":false},"author":1,"featured_media":0,"parent":0,"menu_order":0,"comment_status":"closed","ping_status":"closed","template":"","meta":[],"_links":{"self":[{"href":"https:\/\/cricket.europematch.eu\/esp\/wp-json\/wp\/v2\/pages\/10"}],"collection":[{"href":"https:\/\/cricket.europematch.eu\/esp\/wp-json\/wp\/v2\/pages"}],"about":[{"href":"https:\/\/cricket.europematch.eu\/esp\/wp-json\/wp\/v2\/types\/page"}],"author":[{"embeddable":true,"href":"https:\/\/cricket.europematch.eu\/esp\/wp-json\/wp\/v2\/users\/1"}],"replies":[{"embeddable":true,"href":"https:\/\/cricket.europematch.eu\/esp\/wp-json\/wp\/v2\/comments?post=10"}],"version-history":[{"count":2,"href":"https:\/\/cricket.europematch.eu\/esp\/wp-json\/wp\/v2\/pages\/10\/revisions"}],"predecessor-version":[{"id":90,"href":"https:\/\/cricket.europematch.eu\/esp\/wp-json\/wp\/v2\/pages\/10\/revisions\/90"}],"wp:attachment":[{"href":"https:\/\/cricket.europematch.eu\/esp\/wp-json\/wp\/v2\/media?parent=10"}],"curies":[{"name":"wp","href":"https:\/\/api.w.org\/{rel}","templated":true}]}}