{"id":29,"date":"2022-08-23T07:39:52","date_gmt":"2022-08-23T07:39:52","guid":{"rendered":"https:\/\/cricket.europematch.eu\/cze\/product\/cricket-electronic-fluo\/"},"modified":"2022-08-23T14:44:31","modified_gmt":"2022-08-23T14:44:31","slug":"cricket-electronic-fluo","status":"publish","type":"product","link":"https:\/\/cricket.europematch.eu\/cze\/product\/cricket-electronic-fluo\/","title":{"rendered":"Cricket Electronic Fluo"},"content":{"rendered":"","protected":false},"excerpt":{"rendered":"<table width=\"472\">\n<tbody>\n<tr>\n<td width=\"166\">Velikost:<\/td>\n<td width=\"306\">23 x 80 x 10 mm<\/td>\n<\/tr>\n<tr>\n<td>Standardn\u00ed balen\u00ed:<\/td>\n<td>50\/Tray<\/td>\n<\/tr>\n<tr>\n<td>Obsah kartonu:<\/td>\n<td>500 kus\u016f<\/td>\n<\/tr>\n<tr>\n<td>Rozm\u011br kartonu:<\/td>\n<td>459 x 94 x 342 mm<\/td>\n<\/tr>\n<tr>\n<td>V\u00e1ha:<\/td>\n<td>8,5 kg<\/td>\n<\/tr>\n<tr>\n<td>Tiskov\u00e9 pole:<\/td>\n<td>p\u0159edn\u00ed a zadn\u00ed strana: 14 x 57 mm<\/td>\n<\/tr>\n<tr>\n<td><\/td>\n<td>\u00fazk\u00e9 bo\u010dn\u00ed strany: 6 x 55 mm<\/td>\n<\/tr>\n<\/tbody>\n<\/table>\n<table width=\"458\">\n<tbody>\n<tr>\n<td width=\"166\">Barva:<\/td>\n<td width=\"292\">Fluo Pink, Fluo Red, Fluo Yellow, Fluo Green, Fluo Blue<\/td>\n<\/tr>\n<\/tbody>\n<\/table>\n","protected":false},"featured_media":28,"template":"","meta":[],"product_cat":[15],"product_tag":[],"_links":{"self":[{"href":"https:\/\/cricket.europematch.eu\/cze\/wp-json\/wp\/v2\/product\/29"}],"collection":[{"href":"https:\/\/cricket.europematch.eu\/cze\/wp-json\/wp\/v2\/product"}],"about":[{"href":"https:\/\/cricket.europematch.eu\/cze\/wp-json\/wp\/v2\/types\/product"}],"wp:featuredmedia":[{"embeddable":true,"href":"https:\/\/cricket.europematch.eu\/cze\/wp-json\/wp\/v2\/media\/28"}],"wp:attachment":[{"href":"https:\/\/cricket.europematch.eu\/cze\/wp-json\/wp\/v2\/media?parent=29"}],"wp:term":[{"taxonomy":"product_cat","embeddable":true,"href":"https:\/\/cricket.europematch.eu\/cze\/wp-json\/wp\/v2\/product_cat?post=29"},{"taxonomy":"product_tag","embeddable":true,"href":"https:\/\/cricket.europematch.eu\/cze\/wp-json\/wp\/v2\/product_tag?post=29"}],"curies":[{"name":"wp","href":"https:\/\/api.w.org\/{rel}","templated":true}]}}