{"id":18,"date":"2022-08-23T07:39:51","date_gmt":"2022-08-23T07:39:51","guid":{"rendered":"https:\/\/cricket.europematch.eu\/cze\/product\/cricket-maxi\/"},"modified":"2022-08-23T14:48:40","modified_gmt":"2022-08-23T14:48:40","slug":"cricket-maxi","status":"publish","type":"product","link":"https:\/\/cricket.europematch.eu\/cze\/product\/cricket-maxi\/","title":{"rendered":"Cricket Maxi"},"content":{"rendered":"","protected":false},"excerpt":{"rendered":"<table width=\"472\">\n<tbody>\n<tr>\n<td width=\"166\">Velikost:<\/td>\n<td width=\"306\">22 x 81 x 13 mm<\/td>\n<\/tr>\n<tr>\n<td>Standardn\u00ed balen\u00ed:<\/td>\n<td>50\/Tray<\/td>\n<\/tr>\n<tr>\n<td>Obsah kartonu:<\/td>\n<td>500 kus\u016f<\/td>\n<\/tr>\n<tr>\n<td>Rozm\u011br kartonu:<\/td>\n<td>353 x 290 x 230 mm<\/td>\n<\/tr>\n<tr>\n<td>V\u00e1ha:<\/td>\n<td>8,4 kg<\/td>\n<\/tr>\n<tr>\n<td>Tiskov\u00e9 pole:<\/td>\n<td>p\u0159edn\u00ed a zadn\u00ed strana: 14 x 57 mm<\/td>\n<\/tr>\n<tr>\n<td><\/td>\n<td>\u00fazk\u00e9 bo\u010dn\u00ed strany: 7 x 55 mm<\/td>\n<\/tr>\n<\/tbody>\n<\/table>\n<table width=\"458\">\n<tbody>\n<tr>\n<td width=\"166\">Barva:<\/td>\n<td width=\"292\">White, Black<\/td>\n<\/tr>\n<\/tbody>\n<\/table>\n","protected":false},"featured_media":17,"template":"","meta":[],"product_cat":[15],"product_tag":[],"_links":{"self":[{"href":"https:\/\/cricket.europematch.eu\/cze\/wp-json\/wp\/v2\/product\/18"}],"collection":[{"href":"https:\/\/cricket.europematch.eu\/cze\/wp-json\/wp\/v2\/product"}],"about":[{"href":"https:\/\/cricket.europematch.eu\/cze\/wp-json\/wp\/v2\/types\/product"}],"wp:featuredmedia":[{"embeddable":true,"href":"https:\/\/cricket.europematch.eu\/cze\/wp-json\/wp\/v2\/media\/17"}],"wp:attachment":[{"href":"https:\/\/cricket.europematch.eu\/cze\/wp-json\/wp\/v2\/media?parent=18"}],"wp:term":[{"taxonomy":"product_cat","embeddable":true,"href":"https:\/\/cricket.europematch.eu\/cze\/wp-json\/wp\/v2\/product_cat?post=18"},{"taxonomy":"product_tag","embeddable":true,"href":"https:\/\/cricket.europematch.eu\/cze\/wp-json\/wp\/v2\/product_tag?post=18"}],"curies":[{"name":"wp","href":"https:\/\/api.w.org\/{rel}","templated":true}]}}