{"id":41,"date":"2022-08-23T07:40:56","date_gmt":"2022-08-23T07:40:56","guid":{"rendered":"https:\/\/cricket.europematch.eu\/cze\/?page_id=41"},"modified":"2022-08-23T13:36:13","modified_gmt":"2022-08-23T13:36:13","slug":"domovska-stranka","status":"publish","type":"page","link":"https:\/\/cricket.europematch.eu\/cze\/","title":{"rendered":"Domovsk\u00e1 Str\u00e1nka"},"content":{"rendered":"\n<div class=\"wp-block-cover alignfull\"><span aria-hidden=\"true\" class=\"wp-block-cover__background has-background-dim\"><\/span><img decoding=\"async\" loading=\"lazy\" width=\"1900\" height=\"1267\" class=\"wp-block-cover__image-background wp-image-67\" alt=\"\" src=\"https:\/\/cricket.europematch.eu\/cze\/wp-content\/uploads\/sites\/5\/2022\/08\/Cricket-creative-6.jpg\" style=\"object-position:50% 24%\" data-object-fit=\"cover\" data-object-position=\"50% 24%\" srcset=\"https:\/\/cricket.europematch.eu\/cze\/wp-content\/uploads\/sites\/5\/2022\/08\/Cricket-creative-6.jpg 1900w, https:\/\/cricket.europematch.eu\/cze\/wp-content\/uploads\/sites\/5\/2022\/08\/Cricket-creative-6-300x200.jpg 300w, https:\/\/cricket.europematch.eu\/cze\/wp-content\/uploads\/sites\/5\/2022\/08\/Cricket-creative-6-1024x683.jpg 1024w, https:\/\/cricket.europematch.eu\/cze\/wp-content\/uploads\/sites\/5\/2022\/08\/Cricket-creative-6-768x512.jpg 768w, https:\/\/cricket.europematch.eu\/cze\/wp-content\/uploads\/sites\/5\/2022\/08\/Cricket-creative-6-1536x1024.jpg 1536w, https:\/\/cricket.europematch.eu\/cze\/wp-content\/uploads\/sites\/5\/2022\/08\/Cricket-creative-6-1140x760.jpg 1140w, https:\/\/cricket.europematch.eu\/cze\/wp-content\/uploads\/sites\/5\/2022\/08\/Cricket-creative-6-920x613.jpg 920w, https:\/\/cricket.europematch.eu\/cze\/wp-content\/uploads\/sites\/5\/2022\/08\/Cricket-creative-6-575x383.jpg 575w, https:\/\/cricket.europematch.eu\/cze\/wp-content\/uploads\/sites\/5\/2022\/08\/Cricket-creative-6-380x253.jpg 380w, https:\/\/cricket.europematch.eu\/cze\/wp-content\/uploads\/sites\/5\/2022\/08\/Cricket-creative-6-800x533.jpg 800w\" sizes=\"(max-width: 1900px) 100vw, 1900px\" \/><div class=\"wp-block-cover__inner-container\">\n<div class=\"wp-block-columns is-layout-flex wp-container-4\">\n<div class=\"wp-block-column is-layout-flow\" style=\"flex-basis:25%\"><\/div>\n\n\n\n<div class=\"wp-block-column is-layout-flow\" style=\"flex-basis:50%\">\n<figure class=\"wp-block-image size-large is-resized\"><img decoding=\"async\" loading=\"lazy\" src=\"https:\/\/cricket.europematch.eu\/cze\/wp-content\/uploads\/sites\/5\/2022\/08\/Cricket_logo_FlameRed_rgb-1024x321.png\" alt=\"\" class=\"wp-image-68\" width=\"246\" height=\"76\" srcset=\"https:\/\/cricket.europematch.eu\/cze\/wp-content\/uploads\/sites\/5\/2022\/08\/Cricket_logo_FlameRed_rgb-1024x321.png 1024w, https:\/\/cricket.europematch.eu\/cze\/wp-content\/uploads\/sites\/5\/2022\/08\/Cricket_logo_FlameRed_rgb-300x94.png 300w, https:\/\/cricket.europematch.eu\/cze\/wp-content\/uploads\/sites\/5\/2022\/08\/Cricket_logo_FlameRed_rgb-768x241.png 768w, https:\/\/cricket.europematch.eu\/cze\/wp-content\/uploads\/sites\/5\/2022\/08\/Cricket_logo_FlameRed_rgb-1536x481.png 1536w, https:\/\/cricket.europematch.eu\/cze\/wp-content\/uploads\/sites\/5\/2022\/08\/Cricket_logo_FlameRed_rgb-2048x642.png 2048w, https:\/\/cricket.europematch.eu\/cze\/wp-content\/uploads\/sites\/5\/2022\/08\/Cricket_logo_FlameRed_rgb-1140x357.png 1140w, https:\/\/cricket.europematch.eu\/cze\/wp-content\/uploads\/sites\/5\/2022\/08\/Cricket_logo_FlameRed_rgb-920x288.png 920w, https:\/\/cricket.europematch.eu\/cze\/wp-content\/uploads\/sites\/5\/2022\/08\/Cricket_logo_FlameRed_rgb-575x180.png 575w, https:\/\/cricket.europematch.eu\/cze\/wp-content\/uploads\/sites\/5\/2022\/08\/Cricket_logo_FlameRed_rgb-380x119.png 380w, https:\/\/cricket.europematch.eu\/cze\/wp-content\/uploads\/sites\/5\/2022\/08\/Cricket_logo_FlameRed_rgb-800x251.png 800w\" sizes=\"(max-width: 246px) 100vw, 246px\" \/><\/figure>\n\n\n\n<p class=\"has-normal-font-size\" style=\"font-style:normal;font-weight:900;text-transform:uppercase\">V\u0161ude na sv\u011bte je milionkr\u00e1t za den pot\u0159eba ohe\u0148. To je mo\u017enost, jak propagovat v\u00fdrobek, slu\u017ebu nebo firmu, denn\u011b s vysokou \u010detnost\u00ed kontakt\u016f, st\u00e1le v zorn\u00e9m poli u\u017eivatel\u016f.<\/p>\n<\/div>\n\n\n\n<div class=\"wp-block-column is-layout-flow\" style=\"flex-basis:25%\"><\/div>\n<\/div>\n<\/div><\/div>\n\n\n\n<h3 class=\"has-text-align-center wp-block-heading\">Na\u0161e modely<\/h3>\n\n\n\t\t<div class='wp-block-bicb-carousel  align' id='bicbCarousel-ded91cb9-3' data-attributes='{&quot;cId&quot;:&quot;ded91cb9-3&quot;,&quot;carousels&quot;:[{&quot;image&quot;:{&quot;id&quot;:30,&quot;url&quot;:&quot;https:\\\/\\\/cricket.europematch.eu\\\/cze\\\/wp-content\\\/uploads\\\/sites\\\/5\\\/2022\\\/08\\\/foto-13.jpg&quot;,&quot;alt&quot;:&quot;&quot;,&quot;title&quot;:&quot;foto-13.jpg&quot;}},{&quot;image&quot;:{&quot;id&quot;:34,&quot;url&quot;:&quot;https:\\\/\\\/cricket.europematch.eu\\\/cze\\\/wp-content\\\/uploads\\\/sites\\\/5\\\/2022\\\/08\\\/foto-8.jpg&quot;,&quot;alt&quot;:&quot;&quot;,&quot;title&quot;:&quot;foto-8.jpg&quot;}},{&quot;image&quot;:{&quot;id&quot;:36,&quot;url&quot;:&quot;https:\\\/\\\/cricket.europematch.eu\\\/cze\\\/wp-content\\\/uploads\\\/sites\\\/5\\\/2022\\\/08\\\/foto-9.jpg&quot;,&quot;alt&quot;:&quot;&quot;,&quot;title&quot;:&quot;foto-9.jpg&quot;}},{&quot;image&quot;:{&quot;id&quot;:19,&quot;url&quot;:&quot;https:\\\/\\\/cricket.europematch.eu\\\/cze\\\/wp-content\\\/uploads\\\/sites\\\/5\\\/2022\\\/08\\\/foto-14.jpg&quot;,&quot;alt&quot;:&quot;&quot;,&quot;title&quot;:&quot;foto-14.jpg&quot;}},{&quot;image&quot;:{&quot;id&quot;:26,&quot;url&quot;:&quot;https:\\\/\\\/cricket.europematch.eu\\\/cze\\\/wp-content\\\/uploads\\\/sites\\\/5\\\/2022\\\/08\\\/foto-3.jpg&quot;,&quot;alt&quot;:&quot;&quot;,&quot;title&quot;:&quot;foto-3.jpg&quot;}},{&quot;image&quot;:{&quot;id&quot;:13,&quot;url&quot;:&quot;https:\\\/\\\/cricket.europematch.eu\\\/cze\\\/wp-content\\\/uploads\\\/sites\\\/5\\\/2022\\\/08\\\/foto-6.jpg&quot;,&quot;alt&quot;:&quot;&quot;,&quot;title&quot;:&quot;foto-6.jpg&quot;}}],&quot;background&quot;:{&quot;color&quot;:&quot;#0000&quot;,&quot;type&quot;:&quot;solid&quot;,&quot;gradient&quot;:&quot;linear-gradient(135deg, #4527a4, #8344c5)&quot;,&quot;image&quot;:[],&quot;position&quot;:&quot;center center&quot;,&quot;attachment&quot;:&quot;initial&quot;,&quot;repeat&quot;:&quot;no-repeat&quot;,&quot;size&quot;:&quot;cover&quot;,&quot;overlayColor&quot;:&quot;#000000b3&quot;,&quot;styles&quot;:&quot;background: #0000;&quot;},&quot;padding&quot;:{&quot;vertical&quot;:&quot;10px&quot;,&quot;horizontal&quot;:&quot;10px&quot;,&quot;side&quot;:2,&quot;top&quot;:&quot;0px&quot;,&quot;right&quot;:&quot;0px&quot;,&quot;bottom&quot;:&quot;0px&quot;,&quot;left&quot;:&quot;0px&quot;,&quot;styles&quot;:&quot;10px 10px&quot;},&quot;pageColor&quot;:&quot;#1e1e1e&quot;,&quot;isPrevNext&quot;:false,&quot;align&quot;:&quot;&quot;,&quot;height&quot;:&quot;250px&quot;,&quot;carouselOptions&quot;:{&quot;columns&quot;:{&quot;desktop&quot;:3,&quot;tablet&quot;:2,&quot;mobile&quot;:1},&quot;columnGap&quot;:30,&quot;isLoop&quot;:true,&quot;speed&quot;:1.5,&quot;autoplayOptions&quot;:{&quot;enabled&quot;:true}},&quot;isPage&quot;:true,&quot;pageSize&quot;:&quot;12px&quot;,&quot;prevNextSize&quot;:&quot;25px&quot;,&quot;prevNextColor&quot;:&quot;#4527a4&quot;}'><\/div>\n\n\t\t\n\n\n<div class=\"wp-block-buttons is-content-justification-center is-layout-flex wp-container-5\">\n<div class=\"wp-block-button has-custom-width wp-block-button__width-75\"><a class=\"wp-block-button__link\" href=\"https:\/\/cricket.europematch.eu\/cze\/modely\/\" target=\"_blank\" rel=\"noreferrer noopener\">Na\u0161e modely<\/a><\/div>\n<\/div>\n\n\n\n<div style=\"height:30px\" aria-hidden=\"true\" class=\"wp-block-spacer\"><\/div>\n\n\n\n<div class=\"wp-block-columns is-layout-flex wp-container-9\">\n<div class=\"wp-block-column is-layout-flow\">\n<p class=\"has-color-0-color has-text-color\" style=\"font-size:20px\">P\u0158ESV\u011aD\u010cIV\u00c9 D\u00cdKY VYSOK\u00c9 KVALIT\u011a A BEZPE\u010cNOSTI!<\/p>\n<\/div>\n\n\n\n<div class=\"wp-block-column is-layout-flow\">\n<p class=\"has-color-0-background-color has-background has-small-font-size\" style=\"font-style:normal;font-weight:900;text-transform:uppercase\">T\u00e9m\u011br neomezen\u00e9 mo\u017enosti pro vyu\u017eit\u00ed d\u011blaj\u00ed ze zapalova\u010d\u016f st\u00e1lici v reklam\u011b. Modern\u00ed mo\u017enosti potisku a zu\u0161lecht\u011bn\u00ed d\u00e1vaj\u00ed zapalova\u010d\u016fm individu\u00e1ln\u00ed vzhled a zaru\u010duj\u00ed \u00fasp\u011b\u0161n\u00e9 uveden\u00ed zna\u010dky na trhu. Zna\u010dka Cricket je v segmentu reklamn\u00edch zapalova\u010d\u016f ozna\u010den\u00ed pro vysokou kvalitu a bezpe\u010dnost. Pokrokov\u00fd, modern\u00ed design v kombinaci s promy\u0161len\u00fdm zp\u016fsobem zhotoven\u00ed, \u0159ad\u00ed zapalova\u010de Cricket nezbytn\u011b do marketingov\u00e9ho mixu. Vlastnostmi t\u011bchto zna\u010dkov\u00fdch zapalova\u010d\u016f jsou bezprobl\u00e9mov\u00fd z\u00e1\u017eeh kam\u00ednku, spolehliv\u00fd piezo-z\u00e1\u017eeh a u\u017eivatelsky optim\u00e1ln\u00ed d\u011btsk\u00e1 pojistka. O absolutn\u00ed bezpe\u010dnost u\u017eivatele se postar\u00e1 t\u011blo z neho\u0159lav\u00e9ho, samouhasiteln\u00e9ho nylonu a fixed-flame-syst\u00e9m. Zapalova\u010de Cricket mohou b\u00fdt poti\u0161t\u011bny na v\u0161ech \u010dty\u0159ech stran\u00e1ch. D\u00edky technologii digit\u00e1ln\u00edho sleevingu a samolep\u00edc\u00ed etiket\u011b m\u016f\u017ee Va\u0161e reklama p\u016fsobit 360\u00b0. Vedle velk\u00e9ho v\u00fdb\u011bru standardn\u00edch barev t\u011bla mohou b\u00fdt zapalova\u010de vyrobeny v t\u00e9m\u011b\u0159 v\u0161ech odst\u00ednech podle Pantone vzorn\u00edku.<\/p>\n<\/div>\n\n\n\n<div class=\"wp-block-column is-layout-flow\">\n<figure class=\"wp-block-image size-full is-resized\"><img decoding=\"async\" src=\"https:\/\/cricket.europematch.eu\/cze\/wp-content\/uploads\/sites\/5\/2022\/08\/cricket-creative.jpg\" alt=\"\" class=\"wp-image-70\" width=\"370\" srcset=\"https:\/\/cricket.europematch.eu\/cze\/wp-content\/uploads\/sites\/5\/2022\/08\/cricket-creative.jpg 430w, https:\/\/cricket.europematch.eu\/cze\/wp-content\/uploads\/sites\/5\/2022\/08\/cricket-creative-241x300.jpg 241w, https:\/\/cricket.europematch.eu\/cze\/wp-content\/uploads\/sites\/5\/2022\/08\/cricket-creative-380x473.jpg 380w\" sizes=\"(max-width: 430px) 100vw, 430px\" \/><\/figure>\n<\/div>\n<\/div>\n\n\n\n<div class=\"wp-block-buttons is-content-justification-center is-layout-flex wp-container-10\">\n<div class=\"wp-block-button has-custom-width wp-block-button__width-75\"><a class=\"wp-block-button__link\" href=\"https:\/\/cricket.europematch.eu\/cze\/kontaktujte-nas\/\" target=\"_blank\" rel=\"noreferrer noopener\">Kontaktujte N\u00e1s<\/a><\/div>\n<\/div>\n\n\n\n<h3 class=\"has-text-align-center wp-block-heading\">Doporu\u010dujeme<\/h3>\n\n\n<div class=\"woocommerce columns-4 product-grid\"><ul class=\"products columns-4\">\n<li class=\"product type-product post-37 status-publish first instock product_cat-nezarazene has-post-thumbnail shipping-taxable purchasable product-type-simple\">\n\t<\/li>\n<li class=\"product type-product post-35 status-publish instock product_cat-nezarazene has-post-thumbnail shipping-taxable purchasable product-type-simple\">\n\t<\/li>\n<li class=\"product type-product post-33 status-publish instock product_cat-nezarazene has-post-thumbnail shipping-taxable purchasable product-type-simple\">\n\t<\/li>\n<li class=\"product type-product post-31 status-publish last instock product_cat-nezarazene has-post-thumbnail shipping-taxable purchasable product-type-simple\">\n\t<\/li>\n<\/ul>\n<\/div>\n\n\n\n<div style=\"height:30px\" aria-hidden=\"true\" class=\"wp-block-spacer\"><\/div>\n\n\n\n<div class=\"wp-block-columns is-layout-flex wp-container-13\">\n<div class=\"wp-block-column lentiblock has-color-0-background-color has-background is-layout-flow\">\n<h4 class=\"has-text-color wp-block-heading\" style=\"color:#fffefe\">   Kvalita<\/h4>\n\n\n\n<ul style=\"font-style:normal;font-weight:900;text-transform:uppercase\"><li>ISO 9001, ISO 9994, testov\u00e1no dle GS<\/li><li>pohodln\u00e9 kam\u00ednkov\u00e9 zapalov\u00e1n\u00ed, spolehliv\u00fd piezo mechanismus<\/li><li>v\u00edce ne\u017e 60 kontrol kvality b\u011bhem v\u00fdrobn\u00edho procesu<\/li><li>Made in EU (Nizozemsko), mimo model\u016f Maxi\/Maxi Metal (Filip\u00edny)<\/li><\/ul>\n\n\n\n<h4 class=\"has-text-color wp-block-heading\" style=\"color:#fffefe\">   Bezpe\u010dnost<\/h4>\n\n\n\n<ul style=\"font-style:normal;font-weight:900;text-transform:uppercase\"><li>u\u017eivatelsky komfortn\u00ed syst\u00e9m d\u011btsk\u00e9 pojistky<\/li><li>zapalova\u010de vyrobeny z neho\u0159lav\u00e9ho, samouhasiteln\u00e9ho nylonu<\/li><li>Fixed Flame System (samoregulace v\u00fd\u0161ky plamene) k zabr\u00e1n\u011bn\u00ed ostr\u00e9ho plamene<\/li><li>odolnost v\u016f\u010di teplot\u00e1m a\u017e 65\u00b0C<\/li><li>pevn\u011b t\u011bsn\u00edc\u00ed ventil zabra\u0148uje \u00faniku plynu<\/li><\/ul>\n<\/div>\n\n\n\n<div class=\"wp-block-column lentiblock has-color-0-background-color has-background is-layout-flow\">\n<h4 class=\"has-text-color wp-block-heading\" style=\"color:#fffefe\">   Design<\/h4>\n\n\n\n<ul style=\"font-style:normal;font-weight:900;text-transform:uppercase\"><li>modern\u00ed, \u00fazk\u00fd tvar v mnoha trendy barv\u00e1ch t\u011bla<\/li><li>speci\u00e1ln\u00ed barvy t\u011bla od 50.000 kus\u016f<\/li><li>speci\u00e1ln\u00ed barvy v\u00ed\u010dka a tla\u010d\u00edtka na vy\u017e\u00e1d\u00e1n\u00ed<\/li><\/ul>\n\n\n\n<h4 class=\"has-text-color wp-block-heading\" style=\"color:#fffefe\">   Mo\u017enosti dekorace<\/h4>\n\n\n\n<ul style=\"font-style:normal;font-weight:900;text-transform:uppercase\"><li>s\u00edtotisk a tamponov\u00fd tisk na v\u0161echny 4 strany<\/li><li>360\u00b0 digit\u00e1ln\u00ed sleeving<\/li><li>360\u00b0 wrapping &#8211; samolep\u00edc\u00ed etiketa<\/li><\/ul>\n\n\n\n<h4 class=\"has-text-color wp-block-heading\" style=\"color:#fffefe\">   \u00daspornost<\/h4>\n\n\n\n<ul style=\"font-style:normal;font-weight:900;text-transform:uppercase\"><li>Zapalova\u010de Cricket pojmou 2-3x v\u00edce plynu, ne\u017e zapalova\u010de vyroben\u00e9 z jin\u00fdch materi\u00e1l\u016f<\/li><\/ul>\n<\/div>\n<\/div>\n","protected":false},"excerpt":{"rendered":"<p>Na\u0161e modely P\u0158ESV\u011aD\u010cIV\u00c9 D\u00cdKY VYSOK\u00c9 KVALIT\u011a A BEZPE\u010cNOSTI! T\u00e9m\u011br neomezen\u00e9 mo\u017enosti pro vyu\u017eit\u00ed d\u011blaj\u00ed ze zapalova\u010d\u016f st\u00e1lici v reklam\u011b. Modern\u00ed mo\u017enosti potisku a zu\u0161lecht\u011bn\u00ed d\u00e1vaj\u00ed zapalova\u010d\u016fm individu\u00e1ln\u00ed vzhled a zaru\u010duj\u00ed [&hellip;]<\/p>\n","protected":false},"author":1,"featured_media":0,"parent":0,"menu_order":0,"comment_status":"closed","ping_status":"closed","template":"","meta":[],"_links":{"self":[{"href":"https:\/\/cricket.europematch.eu\/cze\/wp-json\/wp\/v2\/pages\/41"}],"collection":[{"href":"https:\/\/cricket.europematch.eu\/cze\/wp-json\/wp\/v2\/pages"}],"about":[{"href":"https:\/\/cricket.europematch.eu\/cze\/wp-json\/wp\/v2\/types\/page"}],"author":[{"embeddable":true,"href":"https:\/\/cricket.europematch.eu\/cze\/wp-json\/wp\/v2\/users\/1"}],"replies":[{"embeddable":true,"href":"https:\/\/cricket.europematch.eu\/cze\/wp-json\/wp\/v2\/comments?post=41"}],"version-history":[{"count":2,"href":"https:\/\/cricket.europematch.eu\/cze\/wp-json\/wp\/v2\/pages\/41\/revisions"}],"predecessor-version":[{"id":79,"href":"https:\/\/cricket.europematch.eu\/cze\/wp-json\/wp\/v2\/pages\/41\/revisions\/79"}],"wp:attachment":[{"href":"https:\/\/cricket.europematch.eu\/cze\/wp-json\/wp\/v2\/media?parent=41"}],"curies":[{"name":"wp","href":"https:\/\/api.w.org\/{rel}","templated":true}]}}